{"id":1100,"date":"2019-07-18T11:40:16","date_gmt":"2019-07-18T09:40:16","guid":{"rendered":"http:\/\/konek.belikeanton.com\/?page_id=1100"},"modified":"2026-02-11T15:46:44","modified_gmt":"2026-02-11T14:46:44","slug":"ows","status":"publish","type":"page","link":"https:\/\/konek.com.pl\/de\/ows\/","title":{"rendered":"Allgemeine Verkaufsbedingungen der Firma KONEK PSN Sp. z o.o."},"content":{"rendered":"<h3>I. Allgemeine Bestimmungen<\/h3>\n<ol>\n<li>Die Allgemeinen Gesch\u00e4ftsbedingungen f\u00fcr den Verkauf von Waren und Dienstleistungen, im Folgenden AGB genannt, bestimmen die Regeln der Handelszusammenarbeit zwischen KONEK PSN Sp. z o.o. mit Sitz in J\u00f3zefa Milcherta 1, 85-862 Bydgoszcz (im Folgenden KONEK PSN genannt) und dem K\u00e4ufer.<\/li>\n<li>Der K\u00e4ufer nimmt zur Kenntnis, dass die nachfolgenden AGB einen integrierenden Bestandteil des Kaufvertrages und einer allf\u00e4lligen Auftragsbest\u00e4tigung bilden, sofern die individuell vereinbarten Bedingungen nichts anderes vorsehen.<\/li>\n<li>Die Allgemeinen Verkaufsbedingungen werden dem K\u00e4ufer als Anlage zum Angebot oder sp\u00e4testens mit der Bestellung mitgeteilt und von ihm anerkannt und sind auch auf der Internetseite www.konek.com.pl im Bereich \"Download\" abrufbar. Steht der K\u00e4ufer in st\u00e4ndiger Gesch\u00e4ftsbeziehung mit KONEK PSN, so gilt die Anerkennung der Allgemeinen Verkaufsbedingungen bei einer Bestellung als deren Anerkennung f\u00fcr alle weiteren Bestellungen und Kaufvertr\u00e4ge.<\/li>\n<li>Vereinbarungen zwischen den Parteien, die von den Grunds\u00e4tzen der AGB abweichen, bed\u00fcrfen der schriftlichen Best\u00e4tigung durch KONEK PSN.<\/li>\n<\/ol>\n<h3>II. Angebot, Bestellung, Auftragsbest\u00e4tigung<\/h3>\n<ol>\n<li>Das schriftliche Angebot von KONEK PSN, vorbehaltlich der Ziff. II.7 AVB, stellt die Grundlage f\u00fcr die Bestellung des K\u00e4ufers dar. Die Bestellung erfolgt in schriftlicher, elektronischer oder telefonischer Form. Die Best\u00e4tigung der Bestellung durch KONEK PSN bedeutet den Abschluss des Kaufvertrages zwischen den Parteien zu den in der Auftragsbest\u00e4tigung genannten Bedingungen, die sich aus den Bestimmungen der AGB ergeben.<\/li>\n<li>Die Bestellung muss den Index, den Produktnamen, die bestellte Menge und die Identifikationsdaten des Unternehmens enthalten. Die Bestellung muss den Firmenstempel und die leserliche Unterschrift der autorisierten Personen tragen.<\/li>\n<li>Bei telefonischer Bestellung werden aus dem System von KONEK PSN Bestellunterlagen erstellt, die als Voraussetzung f\u00fcr die Auftragsabwicklung best\u00e4tigt werden m\u00fcssen.<\/li>\n<li>Vor dem ersten Zahlungsaufschub m\u00fcssen die Registrierungsunterlagen des Unternehmens \u00fcbermittelt werden: Eintrag ins Register oder Auszug aus dem Gerichtsregister (nicht \u00e4lter als drei Monate), Bescheinigung der REGON-Identifikationsnummer, Entscheidung \u00fcber die Erteilung des NIP.<\/li>\n<li>Die zum Angebot geh\u00f6renden Abbildungen, Zeichnungen und sonstigen Unterlagen sind ausschlie\u00dflich f\u00fcr den Gebrauch des K\u00e4ufers bestimmt und d\u00fcrfen ohne ausdr\u00fcckliche Zustimmung von KONEK PSN nicht vervielf\u00e4ltigt oder Dritten zug\u00e4nglich gemacht werden.<\/li>\n<li>Der K\u00e4ufer kann im Falle einer fehlerhaften Bestellung nicht vom Vertrag zur\u00fccktreten oder sich seiner Erf\u00fcllung anderweitig entziehen.<\/li>\n<li>Im Falle von Sonderbestellungen - d.h. nicht standardisierten Elementen, Teilen oder Details, die f\u00fcr einen bestimmten Kunden auf Sonderbestellung hergestellt werden (gem\u00e4\u00df Diagrammen, Zeichnungen oder anderen Unterlagen, die dem Angebot beigef\u00fcgt sind), beh\u00e4lt sich KONEK PSN die M\u00f6glichkeit vor, einen Produktions\u00fcberschuss von max. +10% herzustellen.<\/li>\n<\/ol>\n<h3>III. Preise und Zahlungsbedingungen<\/h3>\n<ol>\n<li>Die gekauften Waren k\u00f6nnen bezahlt werden:<br \/>\n1.1. Bargeld \/ Nachnahme<br \/>\n1.2 per Bank\u00fcberweisung, gem\u00e4\u00df den mit KONEK PSN vereinbarten Bedingungen.<\/li>\n<li>Die Bezahlung der vom K\u00e4ufer gekauften Produkte erfolgt gem\u00e4\u00df den f\u00fcr die Parteien am Datum der Rechnung oder des jeweiligen Angebots geltenden Gesch\u00e4ftsbedingungen.<\/li>\n<li>Die in den Handelspreislisten oder Angeboten genannten Preise sind Nettopreise, zu denen die Mehrwertsteuer in der jeweils g\u00fcltigen gesetzlichen H\u00f6he hinzukommt.<\/li>\n<li>Die Preise in PLN werden auf der Grundlage des Verkaufskurses der W\u00e4hrung (EUR, USD, CHF oder andere) bei der BRE Bank am Tag der Rechnungsstellung ermittelt.<\/li>\n<li>Als Datum der Zahlung gilt das Datum, an dem der f\u00e4llige Betrag dem Konto oder der Kasse von KONEK PSN gutgeschrieben wird.<\/li>\n<li>Bei Nichteinhaltung der Zahlungsbedingungen hat KONEK PSN das Recht, Bestellungen der s\u00e4umigen Partei zur\u00fcckzuhalten.<\/li>\n<li>Bei Nichteinhaltung der Zahlungsfristen werden die gesetzlichen Zinsen sowie alle mit der Eintreibung der Forderung verbundenen Kosten berechnet.<\/li>\n<\/ol>\n<h3>IV. Lieferbedingungen, Transport<\/h3>\n<ol>\n<li>Sofern mit dem K\u00e4ufer nicht anders vereinbart, erfolgt der Transport der von KONEK PSN verschickten Sendungen \u00fcber die Spedition UPS f\u00fcr Pakete oder Rohlig Suus Logistics f\u00fcr Paletten.<\/li>\n<li>Die Lieferadresse f\u00fcr die Sendung ist der Sitz des K\u00e4ufers, es sei denn, in der Bestellung ist eine andere Lieferadresse angegeben.<\/li>\n<li>Przy zam\u00f3wieniach na kwot\u0119 wy\u017csz\u0105 ni\u017c 1000 z\u0142 netto, dla przesy\u0142ek drobnicowych o wadze do 30kg wysy\u0142anych z magazynu w Bydgoszczy, koszta b\u0119d\u0105 pokrywane przez firm\u0119 KONEK PSN (za wyj\u0105tkiem gabaryt\u00f3w niestandardowych oraz palet).<\/li>\n<li>Przy zam\u00f3wieniach na kwot\u0119 ni\u017csz\u0105 ni\u017c 1000 z\u0142 netto oraz dla zam\u00f3wie\u0144 wysy\u0142anych na paletach lub transport\u00f3w specjalnych, koszty b\u0119d\u0105 pokrywane przez Kupuj\u0105cego.<\/li>\n<li>F\u00fcr Sendungen, die aus den Lagern unserer ausl\u00e4ndischen Partner direkt an den K\u00e4ufer geliefert werden, werden die Kosten individuell berechnet.<\/li>\n<\/ol>\n<h3>V. Ertr\u00e4ge<\/h3>\n<ol>\n<li>Die R\u00fccksendung von Waren ist nur nach vorheriger Annahme durch KONEK PSN m\u00f6glich. Andernfalls werden die Sendungen nicht angenommen.<\/li>\n<li>Die Waren k\u00f6nnen unbenutzt und in ihrer Originalverpackung zur\u00fcckgeschickt werden.<\/li>\n<li>Im Falle der R\u00fccksendung von Handelswaren hat der K\u00e4ufer eine Bearbeitungsgeb\u00fchr von:<br \/>\n3.1. 20 %-Warenpreise f\u00fcr Standardartikel (von KONEK PSN st\u00e4ndig auf Lager gehalten)<br \/>\n3.2 50 %-Warenpreise f\u00fcr Nicht-Standardartikel<\/li>\n<li>Nicht standardisierte Produkte, die auf spezielle Bestellung des K\u00e4ufers hergestellt werden, k\u00f6nnen nicht zur\u00fcckgegeben werden.<\/li>\n<li>Nur R\u00fccksendungen, die innerhalb von drei Monaten nach dem Kauf eingereicht werden, k\u00f6nnen ber\u00fccksichtigt werden.<\/li>\n<li>Die Transportkosten f\u00fcr zur\u00fcckgesandte Waren gehen zu Lasten des K\u00e4ufers.<\/li>\n<\/ol>\n<h3>VI. B\u00fcrgschaft<\/h3>\n<ol>\n<li>Der K\u00e4ufer ist verpflichtet, eine Mengen- und Qualit\u00e4tskontrolle der von KONEK PSN gelieferten Produkte innerhalb von 7 Tagen nach deren Erhalt durchzuf\u00fchren. Unter der vorgenannten Kontrolle versteht man die Feststellung der \u00dcbereinstimmung der Menge und des Typs der erhaltenen Produkte mit der Lieferspezifikation oder der Rechnung sowie die Bewertung des technischen Zustands der Produkte im Hinblick auf technische M\u00e4ngel, die mit blo\u00dfem Auge ohne Inbetriebnahmetests erkennbar sind. Die Nichteinhaltung dieser Frist hat den Verlust des Rechts zur Folge, das in Kapitel VII beschriebene Reklamationsverfahren einzuleiten, soweit es die vorgenannte Mengen- und Qualit\u00e4tskontrolle betrifft.<\/li>\n<li>KONEK PSN garantiert die Klangqualit\u00e4t und die Einhaltung der technischen Parameter der von ihm gelieferten Produkte f\u00fcr einen Zeitraum von 12 Monaten ab dem Verkaufsdatum.<\/li>\n<li>Die Haftung von KONEK PSN im Rahmen der Garantie bezieht sich auf die Verpflichtung zur Reparatur oder zum Ersatz, wobei die Wahl diesbez\u00fcglich bei KONEK PSN liegt. Alle anderen Gew\u00e4hrleistungsanspr\u00fcche sind ausgeschlossen.<\/li>\n<li>Das Eigentum an den genannten mangelhaften Teilen geht auf KONEK PSN \u00fcber.<\/li>\n<li>Die Garantie erstreckt sich auf M\u00e4ngel, die durch fehlerhafte Konstruktion und\/oder die Verwendung ungeeigneter Materialien und\/oder mangelhafte Ausf\u00fchrung verursacht wurden.<\/li>\n<li>Die Haftung von KONEK PSN im Rahmen der Garantie ist ausgeschlossen, wenn die Reparatur oder der Austausch von nicht autorisierten Dritten durchgef\u00fchrt wurde. Die Garantie erstreckt sich nicht auf \u00c4nderungen, die auf eigene Initiative des K\u00e4ufers oder von Dritten vorgenommen wurden.<\/li>\n<li>Auf Spritzgussformen und Stanzwerkzeuge wird eine Garantie von 1 Jahr oder bis zu 200.000 Zyklen gew\u00e4hrt, sofern in dem zwischen den Parteien unterzeichneten Vertrag nichts anderes festgelegt ist; die Garantie erlischt jedoch, wenn eine dieser Bedingungen erf\u00fcllt ist. Bitte beachten Sie, dass jeder Eingriff in das Werkzeug, wie z. B. Reparaturen und \u00c4nderungen, die auf Initiative des K\u00e4ufers oder von Dritten vorgenommen werden, zum Verlust der Garantie f\u00fchrt.<\/li>\n<li>Die Garantie erstreckt sich nicht auf M\u00e4ngel, die durch:<br \/>\n7.1. unsachgem\u00e4\u00dfe Anwendung und\/oder Verwendung, Handhabung, Lagerung.<br \/>\n7.2. unsachgem\u00e4\u00dfe Installation durch den K\u00e4ufer oder Dritte.<br \/>\n7.3. die Einwirkung \u00e4u\u00dferer Faktoren, z. B. chemischer oder elektrischer Art, auf die das KONEK PSN keinen Einfluss hat.<\/li>\n<li>Die Haftung von KONEK PSN erstreckt sich nicht auf Verschlei\u00dfteile, die sich bei bestimmungsgem\u00e4\u00dfem Betrieb des Produkts normalerweise abnutzen.<\/li>\n<li>Eine Haftung aus Gew\u00e4hrleistung ist ausgeschlossen.<\/li>\n<\/ol>\n<h3>VII. Beschwerdeverfahren<\/h3>\n<ol>\n<li>Grundlage f\u00fcr die Einleitung des Reklamationsverfahrens ist eine schriftliche Reklamationsmeldung mit Angabe des Produktindexes, der Beschreibung des Mangels und der Angabe der Rechnungsnummer. Der K\u00e4ufer ist auch verpflichtet, alle notwendigen Informationen \u00fcber die Art der Arbeit des beworbenen Produkts zur Verf\u00fcgung zu stellen.<\/li>\n<li>Das reklamierte Produkt sollte zur \u00dcberpr\u00fcfung und Reparatur oder zur Lieferung eines neuen Produkts an KONEK PSN geschickt werden.<\/li>\n<li>Die Einreichung einer Reklamation berechtigt den K\u00e4ufer nicht dazu, die Zahlung f\u00fcr die gelieferten Produkte zur\u00fcckzuhalten. KONEK PSN hat das Recht, die Erf\u00fcllung seiner Forderungen aus der Reklamation gegen\u00fcber dem K\u00e4ufer zur\u00fcckzuhalten, bis der K\u00e4ufer alle ausstehenden Verpflichtungen beglichen hat.<\/li>\n<li>KONEK PSN \u00fcbernimmt, sofern es die Reklamation akzeptiert, die Versandkosten f\u00fcr die zu reparierenden oder zu ersetzenden Produkte.<\/li>\n<li>Die Firma KONEK PSN verpflichtet sich, die Reklamation so schnell wie m\u00f6glich zu bearbeiten. Wenn spezielles Fachwissen, Tests oder Reparaturen erforderlich sind, beh\u00e4lt sich die Firma KONEK PSN das Recht vor, die Ware an den Hersteller zu schicken, was die Bearbeitungszeit der Reklamation verl\u00e4ngern kann.<\/li>\n<li>Der K\u00e4ufer wird durch den Beschwerdebericht per E-Mail oder Brief \u00fcber das Ergebnis der Beschwerde informiert.<\/li>\n<li>Der K\u00e4ufer ist nicht berechtigt, M\u00e4ngel auf Kosten von KONEK PSN selbst oder durch Dritte beheben zu lassen.<\/li>\n<li>Soweit die vorstehenden Bedingungen nicht erf\u00fcllt sind, gelten die Bestimmungen des B\u00fcrgerlichen Gesetzbuches.<\/li>\n<\/ol>\n<h3>VIII. Schlussbestimmungen<\/h3>\n<ol>\n<li>Vorbehaltlich zwingender gesetzlicher Bestimmungen k\u00f6nnen diese AGB von KONEK PSN mit einer Frist von zwei Wochen ge\u00e4ndert werden.<\/li>\n<li>Die Parteien haften nicht f\u00fcr die teilweise oder vollst\u00e4ndige Nichterf\u00fcllung ihrer vertraglichen Verpflichtungen, wenn dies auf h\u00f6here Gewalt zur\u00fcckzuf\u00fchren ist.<\/li>\n<li>\u00c4nderungen der Allgemeinen Verkaufsbedingungen, die der Kunde bei der Bestellung vorschl\u00e4gt, bed\u00fcrfen der schriftlichen Zustimmung von KONEK PSN.<\/li>\n<li>Alle Streitigkeiten, die sich im Zusammenhang mit der Umsetzung oder Auslegung dieser AGB ergeben k\u00f6nnen, werden von den Parteien im Wege g\u00fctlicher Verhandlungen zu l\u00f6sen versucht. Alle Streitigkeiten, die nicht g\u00fctlich beigelegt werden k\u00f6nnen, werden von den Parteien den sachlich zust\u00e4ndigen Gerichten f\u00fcr den Sitz von KONEK PSN vorgelegt.<\/li>\n<\/ol>\n<p style=\"text-align: right;\">KONEK PSN Sp. z o.o.<br \/>\nLetzte \u00c4nderung: 01.04.2022<\/p>","protected":false},"excerpt":{"rendered":"<p>I. Postanowienia og\u00f3lne Og\u00f3lne Warunki Sprzeda\u017cy Towar\u00f3w i Us\u0142ug, zwane dalej OWS, okre\u015blaj\u0105 zasady wsp\u00f3\u0142pracy handlowej pomi\u0119dzy firm\u0105 KONEK PSN Sp. z o.o. z siedzib\u0105 J\u00f3zefa Milcherta 1, 85-862 Bydgoszcz (zwan\u0105 dalej KONEK PSN) a Kupuj\u0105cym. Kupuj\u0105cy przyjmuje do wiadomo\u015bci, \u017ce poni\u017csze OWS stanowi\u0105 integraln\u0105 cz\u0119\u015b\u0107 umowy kupna-sprzeda\u017cy [&hellip;]<\/p>","protected":false},"author":2,"featured_media":0,"parent":0,"menu_order":0,"comment_status":"closed","ping_status":"closed","template":"","meta":{"_acf_changed":false,"footnotes":""},"acf":[],"_links":{"self":[{"href":"https:\/\/konek.com.pl\/de\/wp-json\/wp\/v2\/pages\/1100"}],"collection":[{"href":"https:\/\/konek.com.pl\/de\/wp-json\/wp\/v2\/pages"}],"about":[{"href":"https:\/\/konek.com.pl\/de\/wp-json\/wp\/v2\/types\/page"}],"author":[{"embeddable":true,"href":"https:\/\/konek.com.pl\/de\/wp-json\/wp\/v2\/users\/2"}],"replies":[{"embeddable":true,"href":"https:\/\/konek.com.pl\/de\/wp-json\/wp\/v2\/comments?post=1100"}],"version-history":[{"count":16,"href":"https:\/\/konek.com.pl\/de\/wp-json\/wp\/v2\/pages\/1100\/revisions"}],"predecessor-version":[{"id":17332,"href":"https:\/\/konek.com.pl\/de\/wp-json\/wp\/v2\/pages\/1100\/revisions\/17332"}],"wp:attachment":[{"href":"https:\/\/konek.com.pl\/de\/wp-json\/wp\/v2\/media?parent=1100"}],"curies":[{"name":"wp","href":"https:\/\/api.w.org\/{rel}","templated":true}]}}