{"id":14,"date":"2019-03-03T21:04:16","date_gmt":"2019-03-03T20:04:16","guid":{"rendered":"http:\/\/konek.belikeanton.com\/?page_id=14"},"modified":"2025-09-21T20:27:36","modified_gmt":"2025-09-21T18:27:36","slug":"kontakt","status":"publish","type":"page","link":"https:\/\/konek.com.pl\/de\/kontakt\/","title":{"rendered":"Kontakt"},"content":{"rendered":"<p><div class=\"fusion-fullwidth fullwidth-box fusion-builder-row-1 nonhundred-percent-fullwidth non-hundred-percent-height-scrolling\" style=\"background-color: rgba(255,255,255,0);background-position: center center;background-repeat: no-repeat;padding-top:0px;padding-right:0px;padding-bottom:0px;padding-left:0px;margin-bottom: 0px;margin-top: 0px;border-width: 0px 0px 0px 0px;border-color:#eae9e9;border-style:solid;\" ><div class=\"fusion-builder-row fusion-row\"><div class=\"fusion-layout-column fusion_builder_column fusion-builder-column-0 fusion_builder_column_1_1 1_1 fusion-one-full fusion-column-first fusion-column-last\" style=\"margin-top:0px;margin-bottom:20px;\"><div class=\"fusion-column-wrapper fusion-flex-column-wrapper-legacy\" style=\"background-position:left top;background-repeat:no-repeat;-webkit-background-size:cover;-moz-background-size:cover;-o-background-size:cover;background-size:cover;padding: 0px 0px 0px 0px;\"><div class=\"fusion-widget-area fusion-widget-area-1 fusion-content-widget-area\"><style type=\"text\/css\">.fusion-widget-area-1 {padding:0px 0px 0px 0px;}.fusion-widget-area-1 .widget h4 {color:#234189;}.fusion-widget-area-1 .widget .heading h4 {color:#234189;}<\/style><div id=\"search-2\" class=\"widget widget_search\">\t\t<form role=\"search\" class=\"searchform fusion-search-form  fusion-live-search fusion-search-form-clean\" method=\"get\" action=\"https:\/\/konek.com.pl\/de\/\" data-trp-original-action=\"https:\/\/konek.com.pl\/de\/\">\n\t\t\t<div class=\"fusion-search-form-content\">\n\n\t\t\t\t\n\t\t\t\t<div class=\"fusion-search-field search-field\">\n\t\t\t\t\t<label><span class=\"screen-reader-text\">Search for:<\/span>\n\t\t\t\t\t\t\t\t\t\t\t\t\t<input type=\"search\" class=\"s fusion-live-search-input\" name=\"s\" id=\"fusion-live-search-input\" autocomplete=\"off\" placeholder=\"Search...\" required aria-required=\"true\" aria-label=\"Search...\"\/>\n\t\t\t\t\t\t\t\t\t\t\t<\/label>\n\t\t\t\t<\/div>\n\t\t\t\t<div class=\"fusion-search-button search-button\">\n\t\t\t\t\t<input type=\"submit\" class=\"fusion-search-submit searchsubmit\" aria-label=\"Search\" value=\"\uf002\" \/>\n\t\t\t\t\t\t\t\t\t\t<div class=\"fusion-slider-loading\"><\/div>\n\t\t\t\t\t\t\t\t\t<\/div>\n\n\t\t\t\t\n\t\t\t<\/div>\n\n\n\t\t\t\t\t\t\t<div class=\"fusion-search-results-wrapper\"><div class=\"fusion-search-results\"><\/div><\/div>\n\t\t\t\n\t\t<input type=\"hidden\" name=\"trp-form-language\" value=\"de\"\/><\/form>\n\t\t<\/div><div class=\"fusion-additional-widget-content\"><\/div><\/div><div class=\"fusion-sep-clear\"><\/div><div class=\"fusion-separator fusion-full-width-sep\" style=\"margin-left: auto;margin-right: auto;margin-top:0px;width:100%;\"><div class=\"fusion-separator-border sep-single sep-dashed\" style=\"border-color:#e0dede;border-top-width:1px;\"><\/div><\/div><div class=\"fusion-sep-clear\"><\/div><div class=\"fusion-clearfix\"><\/div><\/div><\/div><\/div><\/div><div class=\"fusion-fullwidth fullwidth-box fusion-builder-row-2 nonhundred-percent-fullwidth non-hundred-percent-height-scrolling\" style=\"background-color: rgba(255,255,255,0);background-position: center center;background-repeat: no-repeat;padding-top:0px;padding-right:0px;padding-bottom:0px;padding-left:0px;margin-bottom: 0px;margin-top: 0px;border-width: 0px 0px 0px 0px;border-color:#eae9e9;border-style:solid;\" ><div class=\"fusion-builder-row fusion-row\"><div class=\"fusion-layout-column fusion_builder_column fusion-builder-column-1 fusion_builder_column_1_1 1_1 fusion-one-full fusion-column-first fusion-column-last\" style=\"margin-top:0px;margin-bottom:20px;\"><div class=\"fusion-column-wrapper fusion-flex-column-wrapper-legacy\" style=\"background-position:left top;background-repeat:no-repeat;-webkit-background-size:cover;-moz-background-size:cover;-o-background-size:cover;background-size:cover;padding: 0px 0px 0px 0px;\"><div class=\"fusion-text fusion-text-1\"><h1>Lassen Sie uns in Kontakt bleiben<\/h1>\n<\/div><div class=\"fusion-clearfix\"><\/div><\/div><\/div><div class=\"fusion-layout-column fusion_builder_column fusion-builder-column-2 fusion_builder_column_2_5 2_5 fusion-two-fifth fusion-column-first\" style=\"width:40%;width:calc(40% - ( ( 4% ) * 0.4 ) );margin-right: 4%;margin-top:0px;margin-bottom:20px;\"><div class=\"fusion-column-wrapper fusion-flex-column-wrapper-legacy\" style=\"background-position:left top;background-repeat:no-repeat;-webkit-background-size:cover;-moz-background-size:cover;-o-background-size:cover;background-size:cover;padding: 0px 0px 0px 0px;\"><div class=\"fusion-text fusion-text-2\"><h3>KONEK PSN Sp. z o.o.<\/h3>\n<p>J\u00f3zefa Milcherta 1, 85-862 Bydgoszcz<\/p>\n<p>E-Mail: <a href=\"mailto:info@konek.com.pl\">info@konek.com.pl<\/a><\/p>\n<p>Telefon: +48 52 379 26 53 oder +48 52 340 94 53<br \/>\nFax: +48 52 345 87 24<\/p>\n<h3>Die \u00d6ffnungszeiten<\/h3>\n<p>Wir sind von Montag bis Freitag von 8:00 bis 16:00 Uhr erreichbar.<\/p>\n<\/div><div class=\"fusion-text fusion-text-3\"><h3>Kurze Informationen \u00fcber unser Unternehmen<\/h3>\n<p>KONEK PSN ist ein 1997 gegr\u00fcndetes Unternehmen. Seit mehr als 20 Jahren lassen wir uns von dem Grundsatz leiten, dass das Einzige, was wirklich z\u00e4hlt, ist, etwas Gutes zu tun. Unsere Leidenschaft, L\u00f6sungen auf h\u00f6chstem Niveau zu finden, leben wir t\u00e4glich im Bau von Spritzgussformen f\u00fcr die Kunststoffverarbeitung und von Sonderwerkzeugen. Zu unserem Leistungsspektrum geh\u00f6rt ein umfassendes Angebot an Maschinen und Werkzeugen, die f\u00fcr die Herstellung von Kunststoffteilen und die Metallbearbeitung unverzichtbar sind.<\/p>\n<\/div><div class=\"fusion-button-wrapper\"><style type=\"text\/css\">.fusion-button.button-1 {border-radius:2px;}<\/style><a class=\"fusion-button button-flat fusion-button-default-size button-default button-1 fusion-button-default-span fusion-button-default-type\" target=\"_self\" href=\"https:\/\/konek.com.pl\/de\/ofirmie\/\"><span class=\"fusion-button-text\">Mehr erfahren<\/span><\/a><\/div><div class=\"fusion-clearfix\"><\/div><\/div><\/div><div class=\"fusion-layout-column fusion_builder_column fusion-builder-column-3 fusion_builder_column_3_5 3_5 fusion-three-fifth fusion-column-last\" style=\"width:60%;width:calc(60% - ( ( 4% ) * 0.6 ) );margin-top:0px;margin-bottom:20px;\"><div class=\"fusion-column-wrapper fusion-flex-column-wrapper-legacy\" style=\"background-position:left top;background-repeat:no-repeat;-webkit-background-size:cover;-moz-background-size:cover;-o-background-size:cover;background-size:cover;padding: 0px 0px 0px 0px;\"><div style=\"width: 100%;\">\n<object type=\"image\/svg+xml\" data=\"https:\/\/konek.com.pl\/svg\/mapka_wojewodztwa_v02.svg\">\n  \n<\/object>\n<\/div><div class=\"fusion-clearfix\"><\/div><\/div><\/div><div class=\"fusion-layout-column fusion_builder_column fusion-builder-column-4 fusion_builder_column_1_2 1_2 fusion-one-half fusion-column-first\" style=\"width:50%;width:calc(50% - ( ( 4% ) * 0.5 ) );margin-right: 4%;margin-top:0px;margin-bottom:20px;\"><div class=\"fusion-column-wrapper fusion-flex-column-wrapper-legacy\" style=\"background-position:left top;background-repeat:no-repeat;-webkit-background-size:cover;-moz-background-size:cover;-o-background-size:cover;background-size:cover;border-width: 10px 1px 1px 1px;border-color:#afb6c5;border-style:solid;padding: 0px 0px 0px 0px;\"><div class=\"fusion-text fusion-text-4\"><h3 style=\"text-align: center;\">Westpolen<\/h3>\n<p style=\"text-align: center;\">Mateusz Koszykowski<br \/>\n<a href=\"mailto:mk@konek.com.pl\">mk@konek.com.pl<\/a><br \/>\nMob. +48 798 820 175<br \/>\nTel.<\/p>\n<\/div><div class=\"fusion-clearfix\"><\/div><\/div><\/div><div class=\"fusion-layout-column fusion_builder_column fusion-builder-column-5 fusion_builder_column_1_2 1_2 fusion-one-half fusion-column-last\" style=\"width:50%;width:calc(50% - ( ( 4% ) * 0.5 ) );margin-top:0px;margin-bottom:20px;\"><div class=\"fusion-column-wrapper fusion-flex-column-wrapper-legacy\" style=\"background-position:left top;background-repeat:no-repeat;-webkit-background-size:cover;-moz-background-size:cover;-o-background-size:cover;background-size:cover;border-width: 10px 1px 1px 1px;border-color:#c9ccd0;border-style:solid;padding: 0px 0px 0px 0px;\"><div class=\"fusion-text fusion-text-5\"><h3 style=\"text-align: center;\">Ostpolen<\/h3>\n<p style=\"text-align: center;\">Mateusz Koszykowski<br \/>\n<a href=\"mailto:mk@konek.com.pl\">mk@konek.com.pl<\/a><br \/>\nMob. +48 798 820 175<br \/>\nTel.<\/p>\n<\/div><div class=\"fusion-clearfix\"><\/div><\/div><\/div><div class=\"fusion-layout-column fusion_builder_column fusion-builder-column-6 fusion_builder_column_1_1 1_1 fusion-one-full fusion-column-first fusion-column-last\" style=\"margin-top:0px;margin-bottom:20px;\"><div class=\"fusion-column-wrapper fusion-flex-column-wrapper-legacy\" style=\"background-position:left top;background-repeat:no-repeat;-webkit-background-size:cover;-moz-background-size:cover;-o-background-size:cover;background-size:cover;padding: 0px 0px 0px 0px;\"><div class=\"fusion-sep-clear\"><\/div><div class=\"fusion-separator fusion-full-width-sep\" style=\"margin-left: auto;margin-right: auto;width:100%;\"><div class=\"fusion-separator-border sep-single sep-dashed\" style=\"border-color:#e0dede;border-top-width:1px;\"><\/div><\/div><div class=\"fusion-sep-clear\"><\/div><div class=\"fusion-clearfix\"><\/div><\/div><\/div><\/div><\/div><div class=\"fusion-fullwidth fullwidth-box fusion-builder-row-3 nonhundred-percent-fullwidth non-hundred-percent-height-scrolling\" style=\"background-color: rgba(255,255,255,0);background-position: center center;background-repeat: no-repeat;padding-top:0px;padding-right:0px;padding-bottom:0px;padding-left:0px;margin-bottom: 0px;margin-top: 0px;border-width: 0px 0px 0px 0px;border-color:#eae9e9;border-style:solid;\" ><div class=\"fusion-builder-row fusion-row\"><div class=\"fusion-layout-column fusion_builder_column fusion-builder-column-7 fusion_builder_column_1_1 1_1 fusion-one-full fusion-column-first fusion-column-last\" style=\"margin-top:0px;margin-bottom:20px;\"><div class=\"fusion-column-wrapper fusion-flex-column-wrapper-legacy\" style=\"background-position:left top;background-repeat:no-repeat;-webkit-background-size:cover;-moz-background-size:cover;-o-background-size:cover;background-size:cover;padding: 0px 0px 0px 0px;\"><div class=\"fusion-text fusion-text-6\"><h1>Direkter Kontakt<\/h1>\n<\/div><div class=\"fusion-clearfix\"><\/div><\/div><\/div><div class=\"fusion-layout-column fusion_builder_column fusion-builder-column-8 fusion_builder_column_1_4 1_4 fusion-one-fourth fusion-column-first\" style=\"width:25%;width:calc(25% - ( ( 4% + 4% + 4% ) * 0.25 ) );margin-right: 4%;margin-top:0px;margin-bottom:20px;\"><div class=\"fusion-column-wrapper fusion-flex-column-wrapper-legacy\" style=\"background-position:left top;background-repeat:no-repeat;-webkit-background-size:cover;-moz-background-size:cover;-o-background-size:cover;background-size:cover;border-width: 1px 1px 1px 1px;border-color:#d2d3d4;border-style:solid;padding: 0px 0px 0px 0px;\"><div class=\"fusion-text fusion-text-7\"><h3 style=\"text-align: center;\">Normen f\u00fcr das Spritzgie\u00dfen<br \/>\nund Stanzungen<\/h3>\n<p style=\"text-align: center;\">Krzysztof Konek<br \/>\n<a href=\"mailto:konek@konek.com.pl\">konek@konek.com.pl<\/a><br \/>\nTel.<br \/>\nTel.<\/p>\n<\/div><div class=\"fusion-clearfix\"><\/div><\/div><\/div><div class=\"fusion-layout-column fusion_builder_column fusion-builder-column-9 fusion_builder_column_1_4 1_4 fusion-one-fourth\" style=\"width:25%;width:calc(25% - ( ( 4% + 4% + 4% ) * 0.25 ) );margin-right: 4%;margin-top:0px;margin-bottom:20px;\"><div class=\"fusion-column-wrapper fusion-flex-column-wrapper-legacy\" style=\"background-position:left top;background-repeat:no-repeat;-webkit-background-size:cover;-moz-background-size:cover;-o-background-size:cover;background-size:cover;border-width: 1px 1px 1px 1px;border-color:#d2d3d4;border-style:solid;padding: 0px 0px 0px 0px;\"><div class=\"fusion-text fusion-text-8\"><h3 style=\"text-align: center;\">Normen f\u00fcr das Spritzgie\u00dfen<br \/>\nund Stanzungen<\/h3>\n<p style=\"text-align: center;\">Piotr Stefaniak<br \/>\n<a href=\"mailto:stefaniak@konek.com.pl\">stefaniak@konek.com.pl<\/a><br \/>\nMob. +48 505 187 222<br \/>\nTel.<\/p>\n<\/div><div class=\"fusion-clearfix\"><\/div><\/div><\/div><div class=\"fusion-layout-column fusion_builder_column fusion-builder-column-10 fusion_builder_column_1_4 1_4 fusion-one-fourth\" style=\"width:25%;width:calc(25% - ( ( 4% + 4% + 4% ) * 0.25 ) );margin-right: 4%;margin-top:0px;margin-bottom:20px;\"><div class=\"fusion-column-wrapper fusion-flex-column-wrapper-legacy\" style=\"background-position:left top;background-repeat:no-repeat;-webkit-background-size:cover;-moz-background-size:cover;-o-background-size:cover;background-size:cover;border-width: 1px 1px 1px 1px;border-color:#d2d3d4;border-style:solid;padding: 0px 0px 0px 0px;\"><div class=\"fusion-text fusion-text-9\"><h3 style=\"text-align: center;\">Normen f\u00fcr das Spritzgie\u00dfen<br \/>\nund Stanzungen<\/h3>\n<p style=\"text-align: center;\">Mateusz Koszykowski<br \/>\n<a href=\"mailto:mk@konek.com.pl\">mk@konek.com.pl<\/a><br \/>\nMob. +48 798 820 175<br \/>\nTel.<\/p>\n<\/div><div class=\"fusion-clearfix\"><\/div><\/div><\/div><div class=\"fusion-layout-column fusion_builder_column fusion-builder-column-11 fusion_builder_column_1_4 1_4 fusion-one-fourth fusion-column-last\" style=\"width:25%;width:calc(25% - ( ( 4% + 4% + 4% ) * 0.25 ) );margin-top:0px;margin-bottom:20px;\"><div class=\"fusion-column-wrapper fusion-flex-column-wrapper-legacy\" style=\"background-position:left top;background-repeat:no-repeat;-webkit-background-size:cover;-moz-background-size:cover;-o-background-size:cover;background-size:cover;border-width: 1px 1px 1px 1px;border-color:#d2d3d4;border-style:solid;padding: 0px 0px 0px 0px;\"><div class=\"fusion-text fusion-text-10\"><h3 style=\"text-align: center;\">Systeme<br \/>\nhotchannel<\/h3>\n<p style=\"text-align: center;\">Marcin Leszczy\u0144ski<br \/>\n<a href=\"mailto:leszczynski@konek.com.pl\">leszczynski@konek.com.pl<\/a><br \/>\nMob. +48 507 029 173<br \/>\nTel.<\/p>\n<\/div><div class=\"fusion-clearfix\"><\/div><\/div><\/div><div class=\"fusion-layout-column fusion_builder_column fusion-builder-column-12 fusion_builder_column_1_4 1_4 fusion-one-fourth fusion-column-first\" style=\"width:25%;width:calc(25% - ( ( 4% + 4% + 4% ) * 0.25 ) );margin-right: 4%;margin-top:0px;margin-bottom:20px;\"><div class=\"fusion-column-wrapper fusion-flex-column-wrapper-legacy\" style=\"background-position:left top;background-repeat:no-repeat;-webkit-background-size:cover;-moz-background-size:cover;-o-background-size:cover;background-size:cover;border-width: 1px 1px 1px 1px;border-color:#d2d3d4;border-style:solid;padding: 0px 0px 0px 0px;\"><div class=\"fusion-text fusion-text-11\"><h3 style=\"text-align: center;\">KONEK Erneuern<br \/>\nReinigung von Gipskartonplatten und Werkzeugen<\/h3>\n<p style=\"text-align: center;\">Marcin Studencki<br \/>\n<a href=\"mailto:studencki@konek.com.pl\">studencki@konek.com.pl<\/a><br \/>\nMob. +48 505 599 475<br \/>\nTel.<\/p>\n<\/div><div class=\"fusion-clearfix\"><\/div><\/div><\/div><div class=\"fusion-layout-column fusion_builder_column fusion-builder-column-13 fusion_builder_column_1_4 1_4 fusion-one-fourth\" style=\"width:25%;width:calc(25% - ( ( 4% + 4% + 4% ) * 0.25 ) );margin-right: 4%;margin-top:0px;margin-bottom:20px;\"><div class=\"fusion-column-wrapper fusion-flex-column-wrapper-legacy\" style=\"background-position:left top;background-repeat:no-repeat;-webkit-background-size:cover;-moz-background-size:cover;-o-background-size:cover;background-size:cover;border-width: 1px 1px 1px 1px;border-color:#d2d3d4;border-style:solid;padding: 0px 0px 0px 0px;\"><div class=\"fusion-text fusion-text-12\"><h3 style=\"text-align: center;\">Bearbeitung<br \/>\nWerkzeugschleifmaschinen<\/h3>\n<p style=\"text-align: center;\">Micha\u0142 W\u0142odarczyk<br \/>\n<a href=\"mailto:wlodarczyk@konek.com.pl\">wlodarczyk@konek.com.pl<\/a><br \/>\nMob. +48 506 038 087<br \/>\nTel.<\/p>\n<\/div><div class=\"fusion-clearfix\"><\/div><\/div><\/div><div class=\"fusion-layout-column fusion_builder_column fusion-builder-column-14 fusion_builder_column_1_4 1_4 fusion-one-fourth\" style=\"width:25%;width:calc(25% - ( ( 4% + 4% + 4% ) * 0.25 ) );margin-right: 4%;margin-top:0px;margin-bottom:20px;\"><div class=\"fusion-column-wrapper fusion-flex-column-wrapper-legacy\" style=\"background-position:left top;background-repeat:no-repeat;-webkit-background-size:cover;-moz-background-size:cover;-o-background-size:cover;background-size:cover;border-width: 1px 1px 1px 1px;border-color:#d2d3d4;border-style:solid;padding: 0px 0px 0px 0px;\"><div class=\"fusion-text fusion-text-13\"><h3 style=\"text-align: center;\">D\u00e4mmplatten f\u00fcr Gussformen<br \/>\nund Vulkanisierpressen<\/h3>\n<p style=\"text-align: center;\">Piotr Stefaniak<br \/>\n<a href=\"mailto:stefaniak@konek.com.pl\">stefaniak@konek.com.pl<\/a><br \/>\nMob. +48 505 187 222<br \/>\nTel.<\/p>\n<\/div><div class=\"fusion-clearfix\"><\/div><\/div><\/div><div class=\"fusion-layout-column fusion_builder_column fusion-builder-column-15 fusion_builder_column_1_4 1_4 fusion-one-fourth fusion-column-last\" style=\"width:25%;width:calc(25% - ( ( 4% + 4% + 4% ) * 0.25 ) );margin-top:0px;margin-bottom:20px;\"><div class=\"fusion-column-wrapper fusion-flex-column-wrapper-legacy\" style=\"background-position:left top;background-repeat:no-repeat;-webkit-background-size:cover;-moz-background-size:cover;-o-background-size:cover;background-size:cover;border-width: 1px 1px 1px 1px;border-color:#d2d3d4;border-style:solid;padding: 0px 0px 0px 0px;\"><div class=\"fusion-text fusion-text-14\"><h3 style=\"text-align: center;\">Beryllium-Bronzen<br \/>\nund andere Kupferlegierungen<\/h3>\n<p style=\"text-align: center;\">Piotr Stefaniak<br \/>\n<a href=\"mailto:stefaniak@konek.com.pl\">stefaniak@konek.com.pl<\/a><br \/>\nMob. +48 505 187 222<br \/>\nTel.<\/p>\n<\/div><div class=\"fusion-clearfix\"><\/div><\/div><\/div><div class=\"fusion-layout-column fusion_builder_column fusion-builder-column-16 fusion_builder_column_1_4 1_4 fusion-one-fourth fusion-column-first\" style=\"width:25%;width:calc(25% - ( ( 4% + 4% + 4% ) * 0.25 ) );margin-right: 4%;margin-top:0px;margin-bottom:20px;\"><div class=\"fusion-column-wrapper fusion-flex-column-wrapper-legacy\" style=\"background-position:left top;background-repeat:no-repeat;-webkit-background-size:cover;-moz-background-size:cover;-o-background-size:cover;background-size:cover;border-width: 1px 1px 1px 1px;border-color:#d2d3d4;border-style:solid;padding: 0px 0px 0px 0px;\"><div class=\"fusion-text fusion-text-15\"><h3 style=\"text-align: center;\">Beryllium-Bronzen<br \/>\nund andere Kupferlegierungen<\/h3>\n<p style=\"text-align: center;\">Marcin Witucki<br \/>\n<a href=\"mailto:witucki@konek.com.pl\">witucki@konek.com.pl<\/a><br \/>\nMob. +48 507 029 172<br \/>\nTel.<\/p>\n<\/div><div class=\"fusion-clearfix\"><\/div><\/div><\/div><div class=\"fusion-layout-column fusion_builder_column fusion-builder-column-17 fusion_builder_column_1_4 1_4 fusion-one-fourth\" style=\"width:25%;width:calc(25% - ( ( 4% + 4% + 4% ) * 0.25 ) );margin-right: 4%;margin-top:0px;margin-bottom:20px;\"><div class=\"fusion-column-wrapper fusion-flex-column-wrapper-legacy\" style=\"background-position:left top;background-repeat:no-repeat;-webkit-background-size:cover;-moz-background-size:cover;-o-background-size:cover;background-size:cover;border-width: 1px 1px 1px 1px;border-color:#d2d3d4;border-style:solid;padding: 0px 0px 0px 0px;\"><div class=\"fusion-text fusion-text-16\"><h3 style=\"text-align: center;\">Draht und andere<br \/>\nEMD-Werkstoffe<\/h3>\n<p style=\"text-align: center;\">Maciej Sobiecki<br \/>\n<a href=\"mailto:sobiecki@konek.com.pl\">sobiecki@konek.com.pl<\/a><br \/>\nMob. +48 507 029 170<br \/>\nTel.<\/p>\n<\/div><div class=\"fusion-clearfix\"><\/div><\/div><\/div><div class=\"fusion-layout-column fusion_builder_column fusion-builder-column-18 fusion_builder_column_1_4 1_4 fusion-one-fourth\" style=\"width:25%;width:calc(25% - ( ( 4% + 4% + 4% ) * 0.25 ) );margin-right: 4%;margin-top:0px;margin-bottom:20px;\"><div class=\"fusion-column-wrapper fusion-flex-column-wrapper-legacy\" style=\"background-position:left top;background-repeat:no-repeat;-webkit-background-size:cover;-moz-background-size:cover;-o-background-size:cover;background-size:cover;border-width: 1px 1px 1px 1px;border-color:#d2d3d4;border-style:solid;padding: 0px 0px 0px 0px;\"><div class=\"fusion-text fusion-text-17\"><h3 style=\"text-align: center;\">Produktion<br \/>\nLogistik<\/h3>\n<p style=\"text-align: center;\">Marcin Witucki<br \/>\n<a href=\"mailto:witucki@konek.com.pl\">witucki@konek.com.pl<\/a><br \/>\nMob. +48 507 029 172<br \/>\nTel.<\/p>\n<\/div><div class=\"fusion-clearfix\"><\/div><\/div><\/div><div class=\"fusion-layout-column fusion_builder_column fusion-builder-column-19 fusion_builder_column_1_4 1_4 fusion-one-fourth fusion-column-last\" style=\"width:25%;width:calc(25% - ( ( 4% + 4% + 4% ) * 0.25 ) );margin-top:0px;margin-bottom:20px;\"><div class=\"fusion-column-wrapper fusion-flex-column-wrapper-legacy\" style=\"background-position:left top;background-repeat:no-repeat;-webkit-background-size:cover;-moz-background-size:cover;-o-background-size:cover;background-size:cover;border-width: 1px 1px 1px 1px;border-color:#d2d3d4;border-style:solid;padding: 0px 0px 0px 0px;\"><div class=\"fusion-text fusion-text-18\"><h3 style=\"text-align: center;\">B\u00fcro<br \/>\nStruktur<\/h3>\n<p style=\"text-align: center;\">Dawid Zakrzewski<br \/>\n<a href=\"mailto: konstruktor@konek.com.pl\">konstruktor@konek.com.pl<\/a><br \/>\nMob. +48 519 342 899<br \/>\nTel.<\/p>\n<\/div><div class=\"fusion-clearfix\"><\/div><\/div><\/div><div class=\"fusion-layout-column fusion_builder_column fusion-builder-column-20 fusion_builder_column_1_1 1_1 fusion-one-full fusion-column-first fusion-column-last\" style=\"margin-top:0px;margin-bottom:20px;\"><div class=\"fusion-column-wrapper fusion-flex-column-wrapper-legacy\" style=\"background-position:left top;background-repeat:no-repeat;-webkit-background-size:cover;-moz-background-size:cover;-o-background-size:cover;background-size:cover;padding: 0px 0px 0px 0px;\"><div class=\"fusion-sep-clear\"><\/div><div class=\"fusion-separator fusion-full-width-sep\" style=\"margin-left: auto;margin-right: auto;width:100%;\"><div class=\"fusion-separator-border sep-single sep-dashed\" style=\"border-color:#e0dede;border-top-width:1px;\"><\/div><\/div><div class=\"fusion-sep-clear\"><\/div><div class=\"fusion-clearfix\"><\/div><\/div><\/div><div class=\"fusion-layout-column fusion_builder_column fusion-builder-column-21 fusion_builder_column_1_1 1_1 fusion-one-full fusion-column-first fusion-column-last\" style=\"margin-top:0px;margin-bottom:20px;\"><div class=\"fusion-column-wrapper fusion-flex-column-wrapper-legacy\" style=\"background-position:left top;background-repeat:no-repeat;-webkit-background-size:cover;-moz-background-size:cover;-o-background-size:cover;background-size:cover;padding: 0px 0px 0px 0px;\"><div class=\"fusion-text fusion-text-19\"><h1>Schreiben Sie eine Nachricht<\/h1>\n<\/div><div class=\"fusion-clearfix\"><\/div><\/div><\/div><\/div><\/div><\/p>","protected":false},"excerpt":{"rendered":"","protected":false},"author":2,"featured_media":0,"parent":0,"menu_order":3,"comment_status":"closed","ping_status":"closed","template":"contact.php","meta":{"_acf_changed":false,"footnotes":""},"acf":[],"_links":{"self":[{"href":"https:\/\/konek.com.pl\/de\/wp-json\/wp\/v2\/pages\/14"}],"collection":[{"href":"https:\/\/konek.com.pl\/de\/wp-json\/wp\/v2\/pages"}],"about":[{"href":"https:\/\/konek.com.pl\/de\/wp-json\/wp\/v2\/types\/page"}],"author":[{"embeddable":true,"href":"https:\/\/konek.com.pl\/de\/wp-json\/wp\/v2\/users\/2"}],"replies":[{"embeddable":true,"href":"https:\/\/konek.com.pl\/de\/wp-json\/wp\/v2\/comments?post=14"}],"version-history":[{"count":113,"href":"https:\/\/konek.com.pl\/de\/wp-json\/wp\/v2\/pages\/14\/revisions"}],"predecessor-version":[{"id":15969,"href":"https:\/\/konek.com.pl\/de\/wp-json\/wp\/v2\/pages\/14\/revisions\/15969"}],"wp:attachment":[{"href":"https:\/\/konek.com.pl\/de\/wp-json\/wp\/v2\/media?parent=14"}],"curies":[{"name":"wp","href":"https:\/\/api.w.org\/{rel}","templated":true}]}}