{"id":1799,"date":"2020-02-03T10:19:13","date_gmt":"2020-02-03T09:19:13","guid":{"rendered":"https:\/\/konek.com.pl\/?page_id=1799"},"modified":"2025-10-14T12:38:40","modified_gmt":"2025-10-14T10:38:40","slug":"aktualnosci","status":"publish","type":"page","link":"https:\/\/konek.com.pl\/w\/aktualnosci\/","title":{"rendered":"News"},"content":{"rendered":"<p><div class=\"fusion-fullwidth fullwidth-box fusion-builder-row-1 nonhundred-percent-fullwidth non-hundred-percent-height-scrolling\" style=\"background-color: rgba(255,255,255,0);background-position: center center;background-repeat: no-repeat;padding-top:0px;padding-right:0px;padding-bottom:0px;padding-left:0px;margin-bottom: 0px;margin-top: 0px;border-width: 0px 0px 0px 0px;border-color:#eae9e9;border-style:solid;\" ><div class=\"fusion-builder-row fusion-row\"><div class=\"fusion-layout-column fusion_builder_column fusion-builder-column-0 fusion_builder_column_1_1 1_1 fusion-one-full fusion-column-first fusion-column-last\" style=\"margin-top:0px;margin-bottom:20px;\"><div class=\"fusion-column-wrapper fusion-flex-column-wrapper-legacy\" style=\"background-position:left top;background-repeat:no-repeat;-webkit-background-size:cover;-moz-background-size:cover;-o-background-size:cover;background-size:cover;padding: 0px 0px 0px 0px;\"><div class=\"fusion-widget-area fusion-widget-area-1 fusion-content-widget-area\"><style type=\"text\/css\">.fusion-widget-area-1 {padding:0px 0px 0px 0px;}.fusion-widget-area-1 .widget h4 {color:#234189;}.fusion-widget-area-1 .widget .heading h4 {color:#234189;}<\/style><div id=\"search-2\" class=\"widget widget_search\">\t\t<form role=\"search\" class=\"searchform fusion-search-form  fusion-live-search fusion-search-form-clean\" method=\"get\" action=\"https:\/\/konek.com.pl\/w\/\" data-trp-original-action=\"https:\/\/konek.com.pl\/w\/\">\n\t\t\t<div class=\"fusion-search-form-content\">\n\n\t\t\t\t\n\t\t\t\t<div class=\"fusion-search-field search-field\">\n\t\t\t\t\t<label><span class=\"screen-reader-text\">Search for:<\/span>\n\t\t\t\t\t\t\t\t\t\t\t\t\t<input type=\"search\" class=\"s fusion-live-search-input\" name=\"s\" id=\"fusion-live-search-input\" autocomplete=\"off\" placeholder=\"Search...\" required aria-required=\"true\" aria-label=\"Search...\"\/>\n\t\t\t\t\t\t\t\t\t\t\t<\/label>\n\t\t\t\t<\/div>\n\t\t\t\t<div class=\"fusion-search-button search-button\">\n\t\t\t\t\t<input type=\"submit\" class=\"fusion-search-submit searchsubmit\" aria-label=\"Search\" value=\"\uf002\" \/>\n\t\t\t\t\t\t\t\t\t\t<div class=\"fusion-slider-loading\"><\/div>\n\t\t\t\t\t\t\t\t\t<\/div>\n\n\t\t\t\t\n\t\t\t<\/div>\n\n\n\t\t\t\t\t\t\t<div class=\"fusion-search-results-wrapper\"><div class=\"fusion-search-results\"><\/div><\/div>\n\t\t\t\n\t\t<input type=\"hidden\" name=\"trp-form-language\" value=\"w\"\/><\/form>\n\t\t<\/div><div class=\"fusion-additional-widget-content\"><\/div><\/div><div class=\"fusion-sep-clear\"><\/div><div class=\"fusion-separator fusion-full-width-sep\" style=\"margin-left: auto;margin-right: auto;margin-top:0px;width:100%;\"><div class=\"fusion-separator-border sep-single sep-dashed\" style=\"border-color:#e0dede;border-top-width:1px;\"><\/div><\/div><div class=\"fusion-sep-clear\"><\/div><div class=\"fusion-clearfix\"><\/div><\/div><\/div><\/div><\/div><div class=\"fusion-fullwidth fullwidth-box fusion-builder-row-2 nonhundred-percent-fullwidth non-hundred-percent-height-scrolling\" style=\"background-color: rgba(255,255,255,0);background-position: center center;background-repeat: no-repeat;padding-top:0px;padding-right:0px;padding-bottom:0px;padding-left:0px;margin-bottom: 0px;margin-top: 0px;border-width: 0px 0px 0px 0px;border-color:#eae9e9;border-style:solid;\" ><div class=\"fusion-builder-row fusion-row\"><div class=\"fusion-layout-column fusion_builder_column fusion-builder-column-1 fusion_builder_column_1_1 1_1 fusion-one-full fusion-column-first fusion-column-last\" style=\"margin-top:0px;margin-bottom:20px;\"><div class=\"fusion-column-wrapper fusion-flex-column-wrapper-legacy\" style=\"background-position:left top;background-repeat:no-repeat;-webkit-background-size:cover;-moz-background-size:cover;-o-background-size:cover;background-size:cover;padding: 0px 0px 0px 0px;\"><div class=\"fusion-text fusion-text-1\"><h1>Stay up to date<\/h1>\n<\/div><div class=\"fusion-clearfix\"><\/div><\/div><\/div><div class=\"fusion-layout-column fusion_builder_column fusion-builder-column-2 fusion_builder_column_1_1 1_1 fusion-one-full fusion-column-first fusion-column-last\" style=\"margin-top:0px;margin-bottom:20px;\"><div class=\"fusion-column-wrapper fusion-flex-column-wrapper-legacy\" style=\"background-position:left top;background-repeat:no-repeat;-webkit-background-size:cover;-moz-background-size:cover;-o-background-size:cover;background-size:cover;padding: 0px 0px 0px 0px;\"><div class=\"fusion-blog-shortcode fusion-blog-shortcode-1 fusion-blog-archive fusion-blog-layout-grid-wrapper fusion-blog-pagination\"><style type=\"text\/css\">.fusion-blog-shortcode-1 .fusion-blog-layout-grid .fusion-post-grid{padding:20px;}.fusion-blog-shortcode-1 .fusion-posts-container{margin-left: -20px !important; margin-right:-20px !important;}<\/style><div class=\"fusion-posts-container fusion-posts-container-pagination fusion-blog-rollover fusion-blog-layout-grid fusion-blog-layout-grid-4 isotope fusion-blog-equal-heights\" data-pages=\"70\" data-grid-col-space=\"40\" style=\"margin: -20px -20px 0;min-height:500px;\"><article id=\"blog-1-post-17747\" class=\"fusion-post-grid post-17747 post type-post status-publish format-standard has-post-thumbnail hentry category-aktualnosci\">\n<div class=\"fusion-post-wrapper\" style=\"background-color:rgba(255,255,255,0);border:1px solid #ebeaea;border-bottom-width:3px;\">\n\n\t\t\t<div class=\"fusion-flexslider flexslider fusion-flexslider-loading fusion-post-slideshow\" style=\"border-color:#ebeaea;\">\n\t\t<ul class=\"slides\">\n\t\t\t\n\t\t\t\t\t\t\t\t\t\t\t\t\t\t<li>\n\n<div  class=\"fusion-image-wrapper\" aria-haspopup=\"true\">\n\t\n\t\n\t\n\t\t\n\t\t\t\t\t<img decoding=\"async\" width=\"1460\" height=\"2048\" src=\"https:\/\/konek.com.pl\/wp-content\/uploads\/2026\/04\/480580465_965238632250287_7518614835966217879_n.jpg\" class=\"attachment-full size-full lazyload wp-post-image\" alt=\"\" srcset=\"data:image\/svg+xml,%3Csvg%20xmlns%3D%27http%3A%2F%2Fwww.w3.org%2F2000%2Fsvg%27%20width%3D%271460%27%20height%3D%272048%27%20viewBox%3D%270%200%201460%202048%27%3E%3Crect%20width%3D%271460%27%20height%3D%272048%27%20fill-opacity%3D%220%22%2F%3E%3C%2Fsvg%3E\" data-orig-src=\"https:\/\/konek.com.pl\/wp-content\/uploads\/2026\/04\/480580465_965238632250287_7518614835966217879_n.jpg\" data-srcset=\"https:\/\/konek.com.pl\/wp-content\/uploads\/2026\/04\/480580465_965238632250287_7518614835966217879_n-200x281.jpg 200w, https:\/\/konek.com.pl\/wp-content\/uploads\/2026\/04\/480580465_965238632250287_7518614835966217879_n-400x561.jpg 400w, https:\/\/konek.com.pl\/wp-content\/uploads\/2026\/04\/480580465_965238632250287_7518614835966217879_n-600x842.jpg 600w, https:\/\/konek.com.pl\/wp-content\/uploads\/2026\/04\/480580465_965238632250287_7518614835966217879_n-800x1122.jpg 800w, https:\/\/konek.com.pl\/wp-content\/uploads\/2026\/04\/480580465_965238632250287_7518614835966217879_n-1200x1683.jpg 1200w, https:\/\/konek.com.pl\/wp-content\/uploads\/2026\/04\/480580465_965238632250287_7518614835966217879_n.jpg 1460w\" data-sizes=\"auto\" \/>\n\t\n\n\t\t<div class=\"fusion-rollover\">\n\t<div class=\"fusion-rollover-content\">\n\n\t\t\t\t\t\t\t\t\t\t\t\t\t\t<a class=\"fusion-rollover-link\" href=\"https:\/\/konek.com.pl\/w\/zyczenia-wielkanocne\/\">\u017byczenia wielkanocne<\/a>\n\t\t\t\n\t\t\t\t\t\t\t\t\n\t\t\n\t\t\t\t\t\t\t\t\t\t\t\t<h4 class=\"fusion-rollover-title\">\n\t\t\t\t\t<a class=\"fusion-rollover-title-link\" href=\"https:\/\/konek.com.pl\/w\/zyczenia-wielkanocne\/\">\n\t\t\t\t\t\t\u017byczenia wielkanocne\t\t\t\t\t<\/a>\n\t\t\t\t<\/h4>\n\t\t\t\n\t\t\t\t\t\t\t\t\n\t\t\n\t\t\t\t\t\t<a class=\"fusion-link-wrapper\" href=\"https:\/\/konek.com.pl\/w\/zyczenia-wielkanocne\/\" aria-label=\"\u017byczenia wielkanocne\"><\/a>\n\t<\/div>\n<\/div>\n\n\t\n<\/div>\n<\/li>\n\t\t\t\n\t\t\t\n\t\t\t\t\t\t\t\t\t\t\t\t\t\t\t\t\t\t\t\t\t\t\t\t\t\t\t\t\t\t\t\t\t\t\t\t\t\t\t\t\t\t\t\t\t\t\t\t\t\t\t\t\t\t\t\t\t\t\t\t\t\t\t\t\t\t\t\t<\/ul>\n\t<\/div>\n\t<div class=\"fusion-post-content-wrapper\" style=\"padding:30px 25px 20px 25px;\"><div class=\"fusion-post-content post-content\"><h2 class=\"blog-shortcode-post-title entry-title\"><a href=\"https:\/\/konek.com.pl\/w\/zyczenia-wielkanocne\/\">\u017byczenia wielkanocne<\/a><\/h2><p class=\"fusion-single-line-meta\"><span class=\"vcard\" style=\"display: none;\"><span class=\"fn\"><a href=\"https:\/\/konek.com.pl\/w\/author\/lukeria\/\" title=\"Posts by Lukeria\" rel=\"author\">Lukeria<\/a><\/span><\/span><span class=\"updated\" style=\"display:none;\">2026-04-03T08:33:11+02:00<\/span><span>03.04.2026<\/span><span class=\"fusion-inline-sep\">|<\/span>Categories: <a href=\"https:\/\/konek.com.pl\/w\/category\/aktualnosci\/\" rel=\"category tag\">News<\/a><span class=\"fusion-inline-sep\">|<\/span><\/p><div class=\"fusion-content-sep sep-single sep-dashed\" style=\"border-color:#ebeaea;\"><\/div><div class=\"fusion-post-content-container\"><p>On the occasion of the upcoming Easter holidays, we would like to wish you the very best: much health, joy, a tasty egg, wet Dyngus, spring sunshine and every success.<\/p><\/div><\/div><div class=\"fusion-meta-info\"><div class=\"fusion-alignleft\"><a class=\"fusion-read-more\" href=\"https:\/\/konek.com.pl\/w\/zyczenia-wielkanocne\/\" aria-label=\"More on \u017byczenia wielkanocne\">Read More<\/a><\/div><div class=\"fusion-alignright\"><a href=\"https:\/\/konek.com.pl\/w\/zyczenia-wielkanocne\/#respond\"><i class=\"fusion-icon-bubbles\" aria-hidden=\"true\"><\/i>&nbsp;0<\/a><\/div><\/div><\/div><div class=\"fusion-clearfix\"><\/div><\/div>\n<\/article>\n<article id=\"blog-1-post-17745\" class=\"fusion-post-grid post-17745 post type-post status-publish format-standard has-post-thumbnail hentry category-aktualnosci\">\n<div class=\"fusion-post-wrapper\" style=\"background-color:rgba(255,255,255,0);border:1px solid #ebeaea;border-bottom-width:3px;\">\n\n\t\t\t<div class=\"fusion-flexslider flexslider fusion-flexslider-loading fusion-post-slideshow\" style=\"border-color:#ebeaea;\">\n\t\t<ul class=\"slides\">\n\t\t\t\n\t\t\t\t\t\t\t\t\t\t\t\t\t\t<li>\n\n<div  class=\"fusion-image-wrapper\" aria-haspopup=\"true\">\n\t\n\t\n\t\n\t\t\n\t\t\t\t\t<img decoding=\"async\" width=\"1825\" height=\"2560\" src=\"https:\/\/konek.com.pl\/wp-content\/uploads\/2026\/01\/systemy_goracokanalowe_konek_psn_FINAL-scaled.jpg\" class=\"attachment-full size-full lazyload wp-post-image\" alt=\"\" srcset=\"data:image\/svg+xml,%3Csvg%20xmlns%3D%27http%3A%2F%2Fwww.w3.org%2F2000%2Fsvg%27%20width%3D%271825%27%20height%3D%272560%27%20viewBox%3D%270%200%201825%202560%27%3E%3Crect%20width%3D%271825%27%20height%3D%272560%27%20fill-opacity%3D%220%22%2F%3E%3C%2Fsvg%3E\" data-orig-src=\"https:\/\/konek.com.pl\/wp-content\/uploads\/2026\/01\/systemy_goracokanalowe_konek_psn_FINAL-scaled.jpg\" data-srcset=\"https:\/\/konek.com.pl\/wp-content\/uploads\/2026\/01\/systemy_goracokanalowe_konek_psn_FINAL-200x281.jpg 200w, https:\/\/konek.com.pl\/wp-content\/uploads\/2026\/01\/systemy_goracokanalowe_konek_psn_FINAL-400x561.jpg 400w, https:\/\/konek.com.pl\/wp-content\/uploads\/2026\/01\/systemy_goracokanalowe_konek_psn_FINAL-600x842.jpg 600w, https:\/\/konek.com.pl\/wp-content\/uploads\/2026\/01\/systemy_goracokanalowe_konek_psn_FINAL-800x1122.jpg 800w, https:\/\/konek.com.pl\/wp-content\/uploads\/2026\/01\/systemy_goracokanalowe_konek_psn_FINAL-1200x1684.jpg 1200w, https:\/\/konek.com.pl\/wp-content\/uploads\/2026\/01\/systemy_goracokanalowe_konek_psn_FINAL-scaled.jpg 1825w\" data-sizes=\"auto\" \/>\n\t\n\n\t\t<div class=\"fusion-rollover\">\n\t<div class=\"fusion-rollover-content\">\n\n\t\t\t\t\t\t\t\t\t\t\t\t\t\t<a class=\"fusion-rollover-link\" href=\"https:\/\/konek.com.pl\/w\/systemy-goraco-kanalowe-ewikon-3\/\">Systemy gor\u0105co kana\u0142owe EWIKON<\/a>\n\t\t\t\n\t\t\t\t\t\t\t\t\n\t\t\n\t\t\t\t\t\t\t\t\t\t\t\t<h4 class=\"fusion-rollover-title\">\n\t\t\t\t\t<a class=\"fusion-rollover-title-link\" href=\"https:\/\/konek.com.pl\/w\/systemy-goraco-kanalowe-ewikon-3\/\">\n\t\t\t\t\t\tSystemy gor\u0105co kana\u0142owe EWIKON\t\t\t\t\t<\/a>\n\t\t\t\t<\/h4>\n\t\t\t\n\t\t\t\t\t\t\t\t\n\t\t\n\t\t\t\t\t\t<a class=\"fusion-link-wrapper\" href=\"https:\/\/konek.com.pl\/w\/systemy-goraco-kanalowe-ewikon-3\/\" aria-label=\"Systemy gor\u0105co kana\u0142owe EWIKON\"><\/a>\n\t<\/div>\n<\/div>\n\n\t\n<\/div>\n<\/li>\n\t\t\t\n\t\t\t\n\t\t\t\t\t\t\t\t\t\t\t\t\t\t\t\t\t\t\t\t\t\t\t\t\t\t\t\t\t\t\t\t\t\t\t\t\t\t\t\t\t\t\t\t\t\t\t\t\t\t\t\t\t\t\t\t\t\t\t\t\t\t\t\t\t\t\t\t<\/ul>\n\t<\/div>\n\t<div class=\"fusion-post-content-wrapper\" style=\"padding:30px 25px 20px 25px;\"><div class=\"fusion-post-content post-content\"><h2 class=\"blog-shortcode-post-title entry-title\"><a href=\"https:\/\/konek.com.pl\/w\/systemy-goraco-kanalowe-ewikon-3\/\">Systemy gor\u0105co kana\u0142owe EWIKON<\/a><\/h2><p class=\"fusion-single-line-meta\"><span class=\"vcard\" style=\"display: none;\"><span class=\"fn\"><a href=\"https:\/\/konek.com.pl\/w\/author\/lukeria\/\" title=\"Posts by Lukeria\" rel=\"author\">Lukeria<\/a><\/span><\/span><span class=\"updated\" style=\"display:none;\">2026-04-01T10:52:12+02:00<\/span><span>01.04.2026<\/span><span class=\"fusion-inline-sep\">|<\/span>Categories: <a href=\"https:\/\/konek.com.pl\/w\/category\/aktualnosci\/\" rel=\"category tag\">News<\/a><span class=\"fusion-inline-sep\">|<\/span><\/p><div class=\"fusion-content-sep sep-single sep-dashed\" style=\"border-color:#ebeaea;\"><\/div><div class=\"fusion-post-content-container\"><p>Od ponad dwudziestu lat jeste\u015bmy wy\u0142\u0105cznym dystrybutorem system\u00f3w GK firmy EWIKON w Polsce. W \u015bwiecie przetw\u00f3rstwa tworzyw sztucznych EWIKON jest synonimem innowacyjnych, niezawodnych i praktycznych rozwi\u0105za\u0144 gor\u0105cokana\u0142owych.<\/p><\/div><\/div><div class=\"fusion-meta-info\"><div class=\"fusion-alignleft\"><a class=\"fusion-read-more\" href=\"https:\/\/konek.com.pl\/w\/systemy-goraco-kanalowe-ewikon-3\/\" aria-label=\"More on Systemy gor\u0105co kana\u0142owe EWIKON\">Read More<\/a><\/div><div class=\"fusion-alignright\"><a href=\"https:\/\/konek.com.pl\/w\/systemy-goraco-kanalowe-ewikon-3\/#respond\"><i class=\"fusion-icon-bubbles\" aria-hidden=\"true\"><\/i>&nbsp;0<\/a><\/div><\/div><\/div><div class=\"fusion-clearfix\"><\/div><\/div>\n<\/article>\n<article id=\"blog-1-post-17742\" class=\"fusion-post-grid post-17742 post type-post status-publish format-standard has-post-thumbnail hentry category-aktualnosci\">\n<div class=\"fusion-post-wrapper\" style=\"background-color:rgba(255,255,255,0);border:1px solid #ebeaea;border-bottom-width:3px;\">\n\n\t\t\t<div class=\"fusion-flexslider flexslider fusion-flexslider-loading fusion-post-slideshow\" style=\"border-color:#ebeaea;\">\n\t\t<ul class=\"slides\">\n\t\t\t\n\t\t\t\t\t\t\t\t\t\t\t\t\t\t<li>\n\n<div  class=\"fusion-image-wrapper\" aria-haspopup=\"true\">\n\t\n\t\n\t\n\t\t\n\t\t\t\t\t<img decoding=\"async\" width=\"417\" height=\"586\" src=\"https:\/\/konek.com.pl\/wp-content\/uploads\/2026\/01\/rurki_edm_konek_psn_MINIATURKA.jpg\" class=\"attachment-full size-full lazyload wp-post-image\" alt=\"\" srcset=\"data:image\/svg+xml,%3Csvg%20xmlns%3D%27http%3A%2F%2Fwww.w3.org%2F2000%2Fsvg%27%20width%3D%27417%27%20height%3D%27586%27%20viewBox%3D%270%200%20417%20586%27%3E%3Crect%20width%3D%27417%27%20height%3D%27586%27%20fill-opacity%3D%220%22%2F%3E%3C%2Fsvg%3E\" data-orig-src=\"https:\/\/konek.com.pl\/wp-content\/uploads\/2026\/01\/rurki_edm_konek_psn_MINIATURKA.jpg\" data-srcset=\"https:\/\/konek.com.pl\/wp-content\/uploads\/2026\/01\/rurki_edm_konek_psn_MINIATURKA-200x281.jpg 200w, https:\/\/konek.com.pl\/wp-content\/uploads\/2026\/01\/rurki_edm_konek_psn_MINIATURKA-400x562.jpg 400w, https:\/\/konek.com.pl\/wp-content\/uploads\/2026\/01\/rurki_edm_konek_psn_MINIATURKA.jpg 417w\" data-sizes=\"auto\" \/>\n\t\n\n\t\t<div class=\"fusion-rollover\">\n\t<div class=\"fusion-rollover-content\">\n\n\t\t\t\t\t\t\t\t\t\t\t\t\t\t<a class=\"fusion-rollover-link\" href=\"https:\/\/konek.com.pl\/w\/17742-2\/\">Elektrody EDM jedno- i wielokana\u0142owe<\/a>\n\t\t\t\n\t\t\t\t\t\t\t\t\n\t\t\n\t\t\t\t\t\t\t\t\t\t\t\t<h4 class=\"fusion-rollover-title\">\n\t\t\t\t\t<a class=\"fusion-rollover-title-link\" href=\"https:\/\/konek.com.pl\/w\/17742-2\/\">\n\t\t\t\t\t\tElektrody EDM jedno- i wielokana\u0142owe\t\t\t\t\t<\/a>\n\t\t\t\t<\/h4>\n\t\t\t\n\t\t\t\t\t\t\t\t\n\t\t\n\t\t\t\t\t\t<a class=\"fusion-link-wrapper\" href=\"https:\/\/konek.com.pl\/w\/17742-2\/\" aria-label=\"Elektrody EDM jedno- i wielokana\u0142owe\"><\/a>\n\t<\/div>\n<\/div>\n\n\t\n<\/div>\n<\/li>\n\t\t\t\n\t\t\t\n\t\t\t\t\t\t\t\t\t\t\t\t\t\t\t\t\t\t\t\t\t\t\t\t\t\t\t\t\t\t\t\t\t\t\t\t\t\t\t\t\t\t\t\t\t\t\t\t\t\t\t\t\t\t\t\t\t\t\t\t\t\t\t\t\t\t\t\t<\/ul>\n\t<\/div>\n\t<div class=\"fusion-post-content-wrapper\" style=\"padding:30px 25px 20px 25px;\"><div class=\"fusion-post-content post-content\"><h2 class=\"blog-shortcode-post-title entry-title\"><a href=\"https:\/\/konek.com.pl\/w\/17742-2\/\">Elektrody EDM jedno- i wielokana\u0142owe<\/a><\/h2><p class=\"fusion-single-line-meta\"><span class=\"vcard\" style=\"display: none;\"><span class=\"fn\"><a href=\"https:\/\/konek.com.pl\/w\/author\/lukeria\/\" title=\"Posts by Lukeria\" rel=\"author\">Lukeria<\/a><\/span><\/span><span class=\"updated\" style=\"display:none;\">2026-04-01T10:50:19+02:00<\/span><span>30.03.2026<\/span><span class=\"fusion-inline-sep\">|<\/span>Categories: <a href=\"https:\/\/konek.com.pl\/w\/category\/aktualnosci\/\" rel=\"category tag\">News<\/a><span class=\"fusion-inline-sep\">|<\/span><\/p><div class=\"fusion-content-sep sep-single sep-dashed\" style=\"border-color:#ebeaea;\"><\/div><div class=\"fusion-post-content-container\"><p>W ofercie posiadamy elektrody EDM jedno- i wielokana\u0142owe. Z magazynu w Bydgoszczy dost\u0119pne s\u0105 \u015brednice od 0,10 mm, w r\u00f3\u017cnych d\u0142ugo\u015bciach i tolerancjach. Posiadamy w sprzeda\u017c elektrody mosi\u0119\u017cne, miedziane, w\u0119glikowi, grafitowe oraz CuW.<\/p><\/div><\/div><div class=\"fusion-meta-info\"><div class=\"fusion-alignleft\"><a class=\"fusion-read-more\" href=\"https:\/\/konek.com.pl\/w\/17742-2\/\" aria-label=\"More on Elektrody EDM jedno- i wielokana\u0142owe\">Read More<\/a><\/div><div class=\"fusion-alignright\"><a href=\"https:\/\/konek.com.pl\/w\/17742-2\/#respond\"><i class=\"fusion-icon-bubbles\" aria-hidden=\"true\"><\/i>&nbsp;0<\/a><\/div><\/div><\/div><div class=\"fusion-clearfix\"><\/div><\/div>\n<\/article>\n<article id=\"blog-1-post-17675\" class=\"fusion-post-grid post-17675 post type-post status-publish format-standard has-post-thumbnail hentry category-aktualnosci\">\n<div class=\"fusion-post-wrapper\" style=\"background-color:rgba(255,255,255,0);border:1px solid #ebeaea;border-bottom-width:3px;\">\n\n\t\t\t<div class=\"fusion-flexslider flexslider fusion-flexslider-loading fusion-post-slideshow\" style=\"border-color:#ebeaea;\">\n\t\t<ul class=\"slides\">\n\t\t\t\n\t\t\t\t\t\t\t\t\t\t\t\t\t\t<li>\n\n<div  class=\"fusion-image-wrapper\" aria-haspopup=\"true\">\n\t\n\t\n\t\n\t\t\n\t\t\t\t\t<img decoding=\"async\" width=\"1810\" height=\"2560\" src=\"https:\/\/konek.com.pl\/wp-content\/uploads\/2026\/01\/konek_stock_wiertla_lufowe_przod_WEB-scaled.jpg\" class=\"attachment-full size-full lazyload wp-post-image\" alt=\"\" srcset=\"data:image\/svg+xml,%3Csvg%20xmlns%3D%27http%3A%2F%2Fwww.w3.org%2F2000%2Fsvg%27%20width%3D%271810%27%20height%3D%272560%27%20viewBox%3D%270%200%201810%202560%27%3E%3Crect%20width%3D%271810%27%20height%3D%272560%27%20fill-opacity%3D%220%22%2F%3E%3C%2Fsvg%3E\" data-orig-src=\"https:\/\/konek.com.pl\/wp-content\/uploads\/2026\/01\/konek_stock_wiertla_lufowe_przod_WEB-scaled.jpg\" data-srcset=\"https:\/\/konek.com.pl\/wp-content\/uploads\/2026\/01\/konek_stock_wiertla_lufowe_przod_WEB-200x283.jpg 200w, https:\/\/konek.com.pl\/wp-content\/uploads\/2026\/01\/konek_stock_wiertla_lufowe_przod_WEB-400x566.jpg 400w, https:\/\/konek.com.pl\/wp-content\/uploads\/2026\/01\/konek_stock_wiertla_lufowe_przod_WEB-600x849.jpg 600w, https:\/\/konek.com.pl\/wp-content\/uploads\/2026\/01\/konek_stock_wiertla_lufowe_przod_WEB-800x1132.jpg 800w, https:\/\/konek.com.pl\/wp-content\/uploads\/2026\/01\/konek_stock_wiertla_lufowe_przod_WEB-1200x1697.jpg 1200w, https:\/\/konek.com.pl\/wp-content\/uploads\/2026\/01\/konek_stock_wiertla_lufowe_przod_WEB-scaled.jpg 1810w\" data-sizes=\"auto\" \/>\n\t\n\n\t\t<div class=\"fusion-rollover\">\n\t<div class=\"fusion-rollover-content\">\n\n\t\t\t\t\t\t\t\t\t\t\t\t\t\t<a class=\"fusion-rollover-link\" href=\"https:\/\/konek.com.pl\/w\/wiertla-lufowe-typu-super-t-nxl-4\/\">Wiert\u0142a lufowe typu Super T-NXL<\/a>\n\t\t\t\n\t\t\t\t\t\t\t\t\n\t\t\n\t\t\t\t\t\t\t\t\t\t\t\t<h4 class=\"fusion-rollover-title\">\n\t\t\t\t\t<a class=\"fusion-rollover-title-link\" href=\"https:\/\/konek.com.pl\/w\/wiertla-lufowe-typu-super-t-nxl-4\/\">\n\t\t\t\t\t\tWiert\u0142a lufowe typu Super T-NXL\t\t\t\t\t<\/a>\n\t\t\t\t<\/h4>\n\t\t\t\n\t\t\t\t\t\t\t\t\n\t\t\n\t\t\t\t\t\t<a class=\"fusion-link-wrapper\" href=\"https:\/\/konek.com.pl\/w\/wiertla-lufowe-typu-super-t-nxl-4\/\" aria-label=\"Wiert\u0142a lufowe typu Super T-NXL\"><\/a>\n\t<\/div>\n<\/div>\n\n\t\n<\/div>\n<\/li>\n\t\t\t\n\t\t\t\n\t\t\t\t\t\t\t\t\t\t\t\t\t\t\t\t\t\t\t\t\t\t\t\t\t\t\t\t\t\t\t\t\t\t\t\t\t\t\t\t\t\t\t\t\t\t\t\t\t\t\t\t\t\t\t\t\t\t\t\t\t\t\t\t\t\t\t\t<\/ul>\n\t<\/div>\n\t<div class=\"fusion-post-content-wrapper\" style=\"padding:30px 25px 20px 25px;\"><div class=\"fusion-post-content post-content\"><h2 class=\"blog-shortcode-post-title entry-title\"><a href=\"https:\/\/konek.com.pl\/w\/wiertla-lufowe-typu-super-t-nxl-4\/\">Wiert\u0142a lufowe typu Super T-NXL<\/a><\/h2><p class=\"fusion-single-line-meta\"><span class=\"vcard\" style=\"display: none;\"><span class=\"fn\"><a href=\"https:\/\/konek.com.pl\/w\/author\/lukeria\/\" title=\"Posts by Lukeria\" rel=\"author\">Lukeria<\/a><\/span><\/span><span class=\"updated\" style=\"display:none;\">2026-03-26T10:38:07+01:00<\/span><span>26.03.2026<\/span><span class=\"fusion-inline-sep\">|<\/span>Categories: <a href=\"https:\/\/konek.com.pl\/w\/category\/aktualnosci\/\" rel=\"category tag\">News<\/a><span class=\"fusion-inline-sep\">|<\/span><\/p><div class=\"fusion-content-sep sep-single sep-dashed\" style=\"border-color:#ebeaea;\"><\/div><div class=\"fusion-post-content-container\"><p>Pragniemy poinformowa\u0107, \u017ce nasz partner STOCK rozszerzy\u0142 sw\u00f3j asortyment wierte\u0142 lufowych typu Super T-NXL kt\u00f3re s\u0105 dost\u0119pne z magazynu.<\/p><\/div><\/div><div class=\"fusion-meta-info\"><div class=\"fusion-alignleft\"><a class=\"fusion-read-more\" href=\"https:\/\/konek.com.pl\/w\/wiertla-lufowe-typu-super-t-nxl-4\/\" aria-label=\"More on Wiert\u0142a lufowe typu Super T-NXL\">Read More<\/a><\/div><div class=\"fusion-alignright\"><a href=\"https:\/\/konek.com.pl\/w\/wiertla-lufowe-typu-super-t-nxl-4\/#respond\"><i class=\"fusion-icon-bubbles\" aria-hidden=\"true\"><\/i>&nbsp;0<\/a><\/div><\/div><\/div><div class=\"fusion-clearfix\"><\/div><\/div>\n<\/article>\n<div class=\"fusion-clearfix\"><\/div><\/div><div class=\"pagination clearfix\"><span class=\"current\">1<\/span><a href=\"https:\/\/konek.com.pl\/w\/wp-json\/wp\/v2\/pages\/1799\/page\/2\/\" class=\"inactive\">2<\/a><a class=\"pagination-next\" rel=\"next\" href=\"https:\/\/konek.com.pl\/w\/wp-json\/wp\/v2\/pages\/1799\/page\/2\/\"><span class=\"page-text\">Next<\/span><span class=\"page-next\"><\/span><\/a><\/div><div class=\"fusion-clearfix\"><\/div><\/div><div class=\"fusion-clearfix\"><\/div><\/div><\/div><div class=\"fusion-layout-column fusion_builder_column fusion-builder-column-3 fusion_builder_column_1_1 1_1 fusion-one-full fusion-column-first fusion-column-last\" style=\"margin-top:0px;margin-bottom:20px;\"><div class=\"fusion-column-wrapper fusion-flex-column-wrapper-legacy\" style=\"background-position:left top;background-repeat:no-repeat;-webkit-background-size:cover;-moz-background-size:cover;-o-background-size:cover;background-size:cover;padding: 0px 0px 0px 0px;\"><div class=\"fusion-sep-clear\"><\/div><div class=\"fusion-separator fusion-full-width-sep\" style=\"margin-left: auto;margin-right: auto;margin-top:0px;width:100%;\"><div class=\"fusion-separator-border sep-single sep-dashed\" style=\"border-color:#e0dede;border-top-width:1px;\"><\/div><\/div><div class=\"fusion-sep-clear\"><\/div><div class=\"fusion-clearfix\"><\/div><\/div><\/div><\/div><\/div><\/p>","protected":false},"excerpt":{"rendered":"","protected":false},"author":2,"featured_media":0,"parent":0,"menu_order":1,"comment_status":"closed","ping_status":"closed","template":"","meta":{"_acf_changed":false,"footnotes":""},"acf":[],"_links":{"self":[{"href":"https:\/\/konek.com.pl\/w\/wp-json\/wp\/v2\/pages\/1799"}],"collection":[{"href":"https:\/\/konek.com.pl\/w\/wp-json\/wp\/v2\/pages"}],"about":[{"href":"https:\/\/konek.com.pl\/w\/wp-json\/wp\/v2\/types\/page"}],"author":[{"embeddable":true,"href":"https:\/\/konek.com.pl\/w\/wp-json\/wp\/v2\/users\/2"}],"replies":[{"embeddable":true,"href":"https:\/\/konek.com.pl\/w\/wp-json\/wp\/v2\/comments?post=1799"}],"version-history":[{"count":18,"href":"https:\/\/konek.com.pl\/w\/wp-json\/wp\/v2\/pages\/1799\/revisions"}],"predecessor-version":[{"id":15988,"href":"https:\/\/konek.com.pl\/w\/wp-json\/wp\/v2\/pages\/1799\/revisions\/15988"}],"wp:attachment":[{"href":"https:\/\/konek.com.pl\/w\/wp-json\/wp\/v2\/media?parent=1799"}],"curies":[{"name":"wp","href":"https:\/\/api.w.org\/{rel}","templated":true}]}}